{"id":53,"date":"2024-02-06T14:07:44","date_gmt":"2024-02-06T14:07:44","guid":{"rendered":"http:\/\/ucah.haxys.fr\/?page_id=53"},"modified":"2026-01-23T09:38:55","modified_gmt":"2026-01-23T09:38:55","slug":"union-des-cineastes-amateurs-hellemmois-ucah","status":"publish","type":"page","link":"https:\/\/www.ucah-cine.com\/","title":{"rendered":"Union des Cineastes Amateurs Hellemmois (UCAH)<br><br><br><br><br>"},"content":{"rendered":"\t\t<div data-elementor-type=\"wp-page\" data-elementor-id=\"53\" class=\"elementor elementor-53\">\n\t\t\t\t<div class=\"elementor-element elementor-element-a11238c e-flex e-con-boxed wpr-particle-no wpr-jarallax-no wpr-parallax-no wpr-sticky-section-no e-con e-parent\" data-id=\"a11238c\" data-element_type=\"container\">\n\t\t\t\t\t<div class=\"e-con-inner\">\n\t\t\t\t\t<\/div>\n\t\t\t\t<\/div>\n\t\t<div class=\"elementor-element elementor-element-49406dc4 e-flex e-con-boxed wpr-particle-no wpr-jarallax-no wpr-parallax-no wpr-sticky-section-no e-con e-parent\" data-id=\"49406dc4\" data-element_type=\"container\">\n\t\t\t\t\t<div class=\"e-con-inner\">\n\t\t\t\t<div class=\"elementor-element elementor-element-1314f8f elementor-widget elementor-widget-heading\" data-id=\"1314f8f\" data-element_type=\"widget\" data-widget_type=\"heading.default\">\n\t\t\t\t<div class=\"elementor-widget-container\">\n\t\t\t\t\t<h2 class=\"elementor-heading-title elementor-size-default\">Bienvenue sur le site du club des cin\u00e9astes et vid\u00e9astes amateurs d'HELLEMMES (NORD).<\/h2>\t\t\t\t<\/div>\n\t\t\t\t<\/div>\n\t\t\t\t\t<\/div>\n\t\t\t\t<\/div>\n\t\t<div class=\"elementor-element elementor-element-54ab9fa e-flex e-con-boxed wpr-particle-no wpr-jarallax-no wpr-parallax-no wpr-sticky-section-no e-con e-parent\" data-id=\"54ab9fa\" data-element_type=\"container\">\n\t\t\t\t\t<div class=\"e-con-inner\">\n\t\t<div class=\"elementor-element elementor-element-b696dcc e-con-full e-flex wpr-particle-no wpr-jarallax-no wpr-parallax-no wpr-sticky-section-no e-con e-child\" data-id=\"b696dcc\" data-element_type=\"container\">\n\t\t\t\t<div class=\"elementor-element elementor-element-fa51163 elementor-widget elementor-widget-image\" data-id=\"fa51163\" data-element_type=\"widget\" data-widget_type=\"image.default\">\n\t\t\t\t<div class=\"elementor-widget-container\">\n\t\t\t\t\t\t\t\t\t\t\t\t\t\t\t<img fetchpriority=\"high\" decoding=\"async\" width=\"680\" height=\"379\" src=\"https:\/\/www.ucah-cine.com\/wp-content\/uploads\/2024\/02\/cinema-1024x570.jpg\" class=\"attachment-large size-large wp-image-106\" alt=\"\" srcset=\"https:\/\/www.ucah-cine.com\/wp-content\/uploads\/2024\/02\/cinema-1024x570.jpg 1024w, https:\/\/www.ucah-cine.com\/wp-content\/uploads\/2024\/02\/cinema-300x167.jpg 300w, https:\/\/www.ucah-cine.com\/wp-content\/uploads\/2024\/02\/cinema-768x427.jpg 768w, https:\/\/www.ucah-cine.com\/wp-content\/uploads\/2024\/02\/cinema.jpg 1181w\" sizes=\"(max-width: 680px) 100vw, 680px\" \/>\t\t\t\t\t\t\t\t\t\t\t\t\t\t\t<\/div>\n\t\t\t\t<\/div>\n\t\t\t\t<\/div>\n\t\t<div class=\"elementor-element elementor-element-e3097e8 e-con-full e-flex wpr-particle-no wpr-jarallax-no wpr-parallax-no wpr-sticky-section-no e-con e-child\" data-id=\"e3097e8\" data-element_type=\"container\">\n\t\t\t\t<div class=\"elementor-element elementor-element-8183431 elementor-widget elementor-widget-text-editor\" data-id=\"8183431\" data-element_type=\"widget\" data-widget_type=\"text-editor.default\">\n\t\t\t\t<div class=\"elementor-widget-container\">\n\t\t\t\t\t\t\t\t\t<p class=\"zfr3Q CDt4Ke \" dir=\"ltr\"><span class=\"C9DxTc \">Ce site a pour objectif de vous pr\u00e9senter l&rsquo;association U.C.A.H. Vous y d\u00e9couvrirez la pr\u00e9sentation et l&rsquo;actualit\u00e9 de notre association.<\/span><\/p><p class=\"zfr3Q CDt4Ke \" dir=\"ltr\"><span class=\"C9DxTc \">Si vous \u00eates int\u00e9ress\u00e9(e) par la vid\u00e9o et le montage de films, m\u00eame si vous n&rsquo;avez pas de mat\u00e9riel personnel (nous pouvons en pr\u00eater), venez nous rejoindre dans une ambiance sympathique.<\/span><\/p><p class=\"zfr3Q CDt4Ke \" dir=\"ltr\"><span class=\"C9DxTc \">Nos activit\u00e9s principales consistent en la r\u00e9alisation de film divers (<\/span><span class=\"C9DxTc \">fictions<\/span><span class=\"C9DxTc \">,\u00a0 documentaires, animation, diaporama, etc..). Nous participons \u00e0 diff\u00e9rents concours non professionnels (Cineamat, par exemple)<\/span><\/p>\t\t\t\t\t\t\t\t<\/div>\n\t\t\t\t<\/div>\n\t\t\t\t<\/div>\n\t\t\t\t\t<\/div>\n\t\t\t\t<\/div>\n\t\t<div class=\"elementor-element elementor-element-ea2108e e-flex e-con-boxed wpr-particle-no wpr-jarallax-no wpr-parallax-no wpr-sticky-section-no e-con e-parent\" data-id=\"ea2108e\" data-element_type=\"container\">\n\t\t\t\t\t<div class=\"e-con-inner\">\n\t\t\t\t<div class=\"elementor-element elementor-element-c04e6e5 elementor-widget elementor-widget-text-editor\" data-id=\"c04e6e5\" data-element_type=\"widget\" data-widget_type=\"text-editor.default\">\n\t\t\t\t<div class=\"elementor-widget-container\">\n\t\t\t\t\t\t\t\t\t<p class=\"zfr3Q CDt4Ke \" dir=\"ltr\"><span class=\"C9DxTc \">Pour les films de vacances ou de famille, le club peut apporter une aide au montage pour les d\u00e9butants, ce qui permet de pr\u00e9senter un document familial attractif. Il est pr\u00e9vu dans le local du club des journ\u00e9es techniques et des formations particuli\u00e8res \u00e0 la demande.<\/span><\/p><p class=\"zfr3Q CDt4Ke \" dir=\"ltr\"><strong><span style=\"color: var( --e-global-color-text ); font-family: var( --e-global-typography-text-font-family ), Sans-serif; text-align: var(--text-align);\">Cotisation annuelle : 35 \u20ac<\/span><\/strong><\/p><p class=\"zfr3Q CDt4Ke \" dir=\"ltr\"><span class=\"C9DxTc \" style=\"color: var( --e-global-color-text ); font-family: var( --e-global-typography-text-font-family ), Sans-serif; font-weight: var( --e-global-typography-text-font-weight ); text-align: var(--text-align);\">Pour toute information suppl\u00e9mentaire vous pouvez vous rapprocher de Jos\u00e9 Starck au <\/span><span class=\"C9DxTc \" style=\"color: var( --e-global-color-text ); font-family: var( --e-global-typography-text-font-family ), Sans-serif; font-weight: var( --e-global-typography-text-font-weight ); text-align: var(--text-align);\">07 82 56 48 73<\/span><span class=\"C9DxTc \" style=\"color: var( --e-global-color-text ); font-family: var( --e-global-typography-text-font-family ), Sans-serif; font-weight: var( --e-global-typography-text-font-weight ); text-align: var(--text-align);\">.<\/span><\/p><p class=\"zfr3Q CDt4Ke \" dir=\"ltr\"><span class=\"C9DxTc \">Par ailleurs vous pouvez retrouvez\u00a0<\/span><span class=\"C9DxTc \">\u00a0<\/span><a class=\"XqQF9c\" href=\"https:\/\/www.cheminot-photo-npdc.fr\/\" target=\"_blank\" rel=\"noopener\"><span class=\"C9DxTc \">ici <\/span><\/a><span class=\"C9DxTc \">le site de la <\/span><span class=\"C9DxTc \">Soci\u00e9t\u00e9 des Arts Graphiques des Cheminots de la r\u00e9gion Nord Pas de Calais qui propose des activit\u00e9s photo et peinture<\/span><span class=\"C9DxTc \">.<\/span><\/p>\t\t\t\t\t\t\t\t<\/div>\n\t\t\t\t<\/div>\n\t\t\t\t\t<\/div>\n\t\t\t\t<\/div>\n\t\t\t\t<\/div>\n\t\t","protected":false},"excerpt":{"rendered":"<p>Bienvenue sur le site du club des cin\u00e9astes et vid\u00e9astes amateurs d&rsquo;HELLEMMES (NORD). Ce site a pour objectif de vous pr\u00e9senter l&rsquo;association U.C.A.H. Vous y d\u00e9couvrirez la pr\u00e9sentation et l&rsquo;actualit\u00e9 de notre association. Si vous \u00eates int\u00e9ress\u00e9(e) par la vid\u00e9o et le montage de films, m\u00eame si vous n&rsquo;avez pas de mat\u00e9riel personnel (nous pouvons en pr\u00eater), venez nous rejoindre dans une ambiance sympathique. Nos activit\u00e9s principales consistent en la r\u00e9alisation de film divers (fictions,\u00a0 documentaires, animation, diaporama, etc..). Nous participons \u00e0 diff\u00e9rents concours non professionnels (Cineamat, par exemple) Pour les films de vacances ou de famille, le club peut apporter une aide au montage pour les d\u00e9butants, ce qui permet de pr\u00e9senter un document familial attractif. Il est pr\u00e9vu dans le local du club des journ\u00e9es techniques et des formations particuli\u00e8res \u00e0 la demande. Cotisation annuelle : 35 \u20ac Pour toute information suppl\u00e9mentaire vous pouvez vous rapprocher de Jos\u00e9 Starck au 07 82 56 48 73. Par ailleurs vous pouvez retrouvez\u00a0\u00a0ici le site de la Soci\u00e9t\u00e9 des Arts Graphiques des Cheminots de la r\u00e9gion Nord Pas de Calais qui propose des activit\u00e9s photo et peinture.<\/p>\n","protected":false},"author":1,"featured_media":99,"parent":0,"menu_order":0,"comment_status":"closed","ping_status":"closed","template":"template-full-width.php","meta":{"footnotes":""},"class_list":["post-53","page","type-page","status-publish","has-post-thumbnail","hentry"],"_links":{"self":[{"href":"https:\/\/www.ucah-cine.com\/index.php?rest_route=\/wp\/v2\/pages\/53","targetHints":{"allow":["GET"]}}],"collection":[{"href":"https:\/\/www.ucah-cine.com\/index.php?rest_route=\/wp\/v2\/pages"}],"about":[{"href":"https:\/\/www.ucah-cine.com\/index.php?rest_route=\/wp\/v2\/types\/page"}],"author":[{"embeddable":true,"href":"https:\/\/www.ucah-cine.com\/index.php?rest_route=\/wp\/v2\/users\/1"}],"replies":[{"embeddable":true,"href":"https:\/\/www.ucah-cine.com\/index.php?rest_route=%2Fwp%2Fv2%2Fcomments&post=53"}],"version-history":[{"count":34,"href":"https:\/\/www.ucah-cine.com\/index.php?rest_route=\/wp\/v2\/pages\/53\/revisions"}],"predecessor-version":[{"id":293,"href":"https:\/\/www.ucah-cine.com\/index.php?rest_route=\/wp\/v2\/pages\/53\/revisions\/293"}],"wp:featuredmedia":[{"embeddable":true,"href":"https:\/\/www.ucah-cine.com\/index.php?rest_route=\/wp\/v2\/media\/99"}],"wp:attachment":[{"href":"https:\/\/www.ucah-cine.com\/index.php?rest_route=%2Fwp%2Fv2%2Fmedia&parent=53"}],"curies":[{"name":"wp","href":"https:\/\/api.w.org\/{rel}","templated":true}]}}